{"id":202,"date":"2021-05-01T22:11:27","date_gmt":"2021-05-02T04:11:27","guid":{"rendered":"http:\/\/34.72.128.37\/cosi\/?page_id=202"},"modified":"2026-03-21T14:52:58","modified_gmt":"2026-03-21T20:52:58","slug":"horarios","status":"publish","type":"page","link":"https:\/\/cosi.cr\/cosi\/index.php\/horarios\/","title":{"rendered":"Horarios"},"content":{"rendered":"\n<p class=\"has-text-align-center has-medium-font-size\"><strong>Horario Cosi &#8211; 2021<\/strong><\/p>\n\n\n\n<p class=\"has-text-align-center\"><strong>Multiplaza &#8211; Escaz\u00fa<\/strong><br>Lunes a Sabado de 11 am a las 9 pm<br>Domingos de 11 am a 8 pm<\/p>\n\n\n\n<p class=\"has-text-align-center\"><strong>Plaza Carolina<\/strong><br>Domingo a Mi\u00e9rcoles de 11 am a 9 pm<br>Jueves de 11 am a 9:30 pm<br>Viernes y S\u00e1bado de 11 am a 10 pm<\/p>\n\n\n\n<p class=\"has-text-align-center\"><strong>Plaza Real &#8211; Alajuela<\/strong><br>Lunes a Mi\u00e9rcoles de 11 am a las 9 pm<br>Jueves de 11 am a las 9.30 pm<br>Viernes y s\u00e1bados de 11 am a las 9:30 pm<br>Domingo de 11 am a 9 pm<\/p>\n\n\n\n<p class=\"has-text-align-center\"><strong>Paseo de las Flores &#8211; Heredia<\/strong><br>Domingo a jueves de 11 am a 9 pm<br>Viernes y s\u00e1bado de 11 am a 9:30 pm<\/p>\n\n\n\n<p class=\"has-text-align-center\"><strong>Sabana<\/strong><br>Domingo a jueves de 11 am a 9:00 pm<br>Viernes y S\u00e1bado de 11 am a 9:30 pm<\/p>\n\n\n\n<p class=\"has-text-align-center\"><strong>City Place &#8211; Santa Ana<\/strong><br>Lunes a Jueves de 11 am a las 9pm<br>Viernes y S\u00e1bado de 11 am a las 9: 30 pm<br>Domingos de 11 am a 9pm<\/p>\n\n\n\n<p class=\"has-text-align-center\"><strong>Distrito Cuatro &#8211; Escaz\u00fa<\/strong><br>Lunes a Jueves de 11 am a 9 pm<br>Viernes y S\u00e1bados de 11 am a 9:30 pm<br>Domingos de 11 am a 9 pm<\/p>\n\n\n\n<p class=\"has-text-align-center\"><strong>Ciudad del Este &#8211; Curridabat<\/strong><br>Dominog a Jueves de 11 am a las 9pm<br>Viernes y Sabado11 am a 9:30 pm<\/p>\n\n\n\n<p class=\"has-text-align-center\"><strong>Ox\u00edgeno \u2013 Heredia<\/strong><br>L a Domingo: 11 am- 9pm<\/p>\n\n\n\n<p class=\"has-text-align-center\"><strong>Multiplaza &#8211; Curridabat<\/strong><br>Lunes a Sabado de 11 am a 9 pm<br>Domingo de 11 am a 8 pm<\/p>\n\n\n\n<p class=\"has-text-align-center\"><strong>Plaza Lincoln<\/strong><br>Lunes a s\u00e1bado: 11 am a 9 pm<br>Domingo: 11 am a 8:30 pm<\/p>\n\n\n\n<p class=\"has-text-align-center\"><strong>Cartago Mall Metropoli<\/strong><br>De lunes a jueves 11:30 am a 9 pm<br>Viernes y S\u00e1bado 11:30 am a 9:30 pm<br>Domingos de 11:30 am a 8 pm<\/p>\n\n\n\n<p class=\"has-text-align-center\"><strong>Horario Fechas Especiales:<\/strong><br>24 y 31 de diciembre: 11 am a 4 pm<br>25 diciembre y 1ero. Enero: 12 md a 9pm<\/p>\n\n\n\n<p><\/p>\n","protected":false},"excerpt":{"rendered":"<p>Horario Cosi &#8211; 2021 Multiplaza &#8211; Escaz\u00faLunes a Sabado de 11 am a las 9 pmDomingos de 11 am a 8 pm Plaza CarolinaDomingo a Mi\u00e9rcoles de 11 am a 9 pmJueves de 11 am a 9:30 pmViernes y S\u00e1bado de 11 am a 10 pm Plaza Real &#8211; AlajuelaLunes a Mi\u00e9rcoles de 11 am [&hellip;]<\/p>\n","protected":false},"author":1,"featured_media":0,"parent":0,"menu_order":0,"comment_status":"closed","ping_status":"closed","template":"","meta":{"footnotes":""},"class_list":["post-202","page","type-page","status-publish","hentry"],"_links":{"self":[{"href":"https:\/\/cosi.cr\/cosi\/index.php\/wp-json\/wp\/v2\/pages\/202","targetHints":{"allow":["GET"]}}],"collection":[{"href":"https:\/\/cosi.cr\/cosi\/index.php\/wp-json\/wp\/v2\/pages"}],"about":[{"href":"https:\/\/cosi.cr\/cosi\/index.php\/wp-json\/wp\/v2\/types\/page"}],"author":[{"embeddable":true,"href":"https:\/\/cosi.cr\/cosi\/index.php\/wp-json\/wp\/v2\/users\/1"}],"replies":[{"embeddable":true,"href":"https:\/\/cosi.cr\/cosi\/index.php\/wp-json\/wp\/v2\/comments?post=202"}],"version-history":[{"count":8,"href":"https:\/\/cosi.cr\/cosi\/index.php\/wp-json\/wp\/v2\/pages\/202\/revisions"}],"predecessor-version":[{"id":291,"href":"https:\/\/cosi.cr\/cosi\/index.php\/wp-json\/wp\/v2\/pages\/202\/revisions\/291"}],"wp:attachment":[{"href":"https:\/\/cosi.cr\/cosi\/index.php\/wp-json\/wp\/v2\/media?parent=202"}],"curies":[{"name":"wp","href":"https:\/\/api.w.org\/{rel}","templated":true}]}}