{"id":33,"date":"2021-04-28T22:22:05","date_gmt":"2021-04-29T04:22:05","guid":{"rendered":"http:\/\/20.1.0.239\/wordpress\/?page_id=33"},"modified":"2021-09-25T12:27:25","modified_gmt":"2021-09-25T18:27:25","slug":"smart-fit","status":"publish","type":"page","link":"https:\/\/cosi.cr\/cosi\/index.php\/smart-fit\/","title":{"rendered":"Cont\u00e1ctenos"},"content":{"rendered":"\n<p class=\"has-text-align-center\"><strong>Cos\u00ed Plaza Real<\/strong><br>Direcci\u00f3n Plaza Real Alajuela<br>Provincia Alajuela<br><\/p>\n\n\n\n<p class=\"has-text-align-center\"><strong>Cosi Sabana<\/strong><br>Direcci\u00f3n debajo del hotel Hilton<br>Provincia San Jos\u00e9<br><\/p>\n\n\n\n<p class=\"has-text-align-center\"><strong>Cosi Paseo de las Flores<\/strong><br>Direcci\u00f3n Entrada frente a la antigua universidad hispanoamericana, Mall Paseo de las Flores<br>Provincia Heredia<br><\/p>\n\n\n\n<p class=\"has-text-align-center\"><strong>Cosi Plaza carolina<\/strong><br>Direcci\u00f3n plaza carolina San Pedro<br>Provincia San Jos\u00e9<br><\/p>\n\n\n\n<p class=\"has-text-align-center\"><strong>Cosi Pinares ciudad del este<\/strong><br>Direcci\u00f3n:Mall Ciudad del este, Pinares Curridabat<br>Provincia San jose<br><\/p>\n\n\n\n<p class=\"has-text-align-center\"><strong>Cosi City place<\/strong><br>Direcci\u00f3n: Plaza City place Santa Ana<br>Provincia San Jos\u00e9<br><\/p>\n\n\n\n<p class=\"has-text-align-center\"><strong>Cos\u00ed D4<\/strong><br>Direccion: Plaza Distrito 4<br>Provincia San Jos\u00e9<br><\/p>\n\n\n\n<p class=\"has-text-align-center\"><strong>Cosi Oxigeno<\/strong><br>Direcci\u00f3n: Food court de Mall Ox\u00edgeno play ground<br>Provincia Heredia<br><\/p>\n\n\n\n<p class=\"has-text-align-center\"><strong>Cos\u00ed Multiplaza<\/strong><br>Direccion: Mall multiplaza Escaz\u00fa<br>Provincia San Jos\u00e9<br><\/p>\n\n\n\n<p class=\"has-text-align-center\"><strong>Cos\u00ed Multiplaza del Este<\/strong><br>Direccion: Multiplaza Curridabat<br>Provincia San Jos\u00e9<br><\/p>\n\n\n\n<p class=\"has-text-align-center\"><strong>Correo General:  <\/strong><a href=\"mailto:info@cosi.cr\">info@cosi.cr<\/a> <\/p>\n\n\n\n<p class=\"has-text-align-center\"><a href=\"https:\/\/wa.me\/+50671719838\">Whatsapp<\/a><\/p>\n","protected":false},"excerpt":{"rendered":"<p>Cos\u00ed Plaza RealDirecci\u00f3n Plaza Real AlajuelaProvincia Alajuela Cosi SabanaDirecci\u00f3n debajo del hotel HiltonProvincia San Jos\u00e9 Cosi Paseo de las FloresDirecci\u00f3n Entrada frente a la antigua universidad hispanoamericana, Mall Paseo de las FloresProvincia Heredia Cosi Plaza carolinaDirecci\u00f3n plaza carolina San PedroProvincia San Jos\u00e9 Cosi Pinares ciudad del esteDirecci\u00f3n:Mall Ciudad del este, Pinares CurridabatProvincia San jose Cosi [&hellip;]<\/p>\n","protected":false},"author":1,"featured_media":0,"parent":0,"menu_order":5,"comment_status":"closed","ping_status":"closed","template":"","meta":{"footnotes":""},"class_list":["post-33","page","type-page","status-publish","hentry"],"_links":{"self":[{"href":"https:\/\/cosi.cr\/cosi\/index.php\/wp-json\/wp\/v2\/pages\/33","targetHints":{"allow":["GET"]}}],"collection":[{"href":"https:\/\/cosi.cr\/cosi\/index.php\/wp-json\/wp\/v2\/pages"}],"about":[{"href":"https:\/\/cosi.cr\/cosi\/index.php\/wp-json\/wp\/v2\/types\/page"}],"author":[{"embeddable":true,"href":"https:\/\/cosi.cr\/cosi\/index.php\/wp-json\/wp\/v2\/users\/1"}],"replies":[{"embeddable":true,"href":"https:\/\/cosi.cr\/cosi\/index.php\/wp-json\/wp\/v2\/comments?post=33"}],"version-history":[{"count":9,"href":"https:\/\/cosi.cr\/cosi\/index.php\/wp-json\/wp\/v2\/pages\/33\/revisions"}],"predecessor-version":[{"id":243,"href":"https:\/\/cosi.cr\/cosi\/index.php\/wp-json\/wp\/v2\/pages\/33\/revisions\/243"}],"wp:attachment":[{"href":"https:\/\/cosi.cr\/cosi\/index.php\/wp-json\/wp\/v2\/media?parent=33"}],"curies":[{"name":"wp","href":"https:\/\/api.w.org\/{rel}","templated":true}]}}